{"id":111,"date":"2020-02-08T20:47:19","date_gmt":"2020-02-08T19:47:19","guid":{"rendered":"https:\/\/www.mas.bayern\/?page_id=111"},"modified":"2023-08-18T02:24:16","modified_gmt":"2023-08-18T00:24:16","slug":"folie","status":"publish","type":"page","link":"https:\/\/www.mas.bayern\/?page_id=111","title":{"rendered":"Folie"},"content":{"rendered":"\n<h2 class=\"wp-block-heading has-text-align-right has-text-color\" style=\"color:#004e9e\">Autoglas Folie &#8211; Hightech f\u00fcr Ihr Fahrzeug <\/h2>\n\n\n\n<div class=\"wp-block-columns alignwide are-vertically-aligned-top is-layout-flex wp-container-6 wp-block-columns-is-layout-flex\">\n<div class=\"wp-block-column is-layout-flow wp-block-column-is-layout-flow\" style=\"flex-basis:42%\">\n<div class=\"wp-block-group is-layout-constrained wp-block-group-is-layout-constrained\"><div class=\"wp-block-group__inner-container\">\n<figure class=\"wp-block-gallery has-nested-images columns-default is-cropped wp-block-gallery-1 is-layout-flex wp-block-gallery-is-layout-flex\">\n<figure class=\"wp-block-image size-large\"><img decoding=\"async\" loading=\"lazy\" width=\"600\" height=\"400\" src=\"https:\/\/www.mas.bayern\/wp-content\/uploads\/2023\/04\/Folie1_Web.jpg\" alt=\"\" class=\"wp-image-607\" srcset=\"https:\/\/www.mas.bayern\/wp-content\/uploads\/2023\/04\/Folie1_Web.jpg 600w, https:\/\/www.mas.bayern\/wp-content\/uploads\/2023\/04\/Folie1_Web-300x200.jpg 300w, https:\/\/www.mas.bayern\/wp-content\/uploads\/2023\/04\/Folie1_Web-570x380.jpg 570w, https:\/\/www.mas.bayern\/wp-content\/uploads\/2023\/04\/Folie1_Web-380x254.jpg 380w, https:\/\/www.mas.bayern\/wp-content\/uploads\/2023\/04\/Folie1_Web-285x190.jpg 285w\" sizes=\"(max-width: 600px) 100vw, 600px\" \/><\/figure>\n<\/figure>\n\n\n\n<figure class=\"wp-block-image size-full\"><img decoding=\"async\" loading=\"lazy\" width=\"600\" height=\"400\" src=\"https:\/\/www.mas.bayern\/wp-content\/uploads\/2023\/08\/Folie2_Web-1.jpg\" alt=\"\" class=\"wp-image-704\" srcset=\"https:\/\/www.mas.bayern\/wp-content\/uploads\/2023\/08\/Folie2_Web-1.jpg 600w, https:\/\/www.mas.bayern\/wp-content\/uploads\/2023\/08\/Folie2_Web-1-300x200.jpg 300w, https:\/\/www.mas.bayern\/wp-content\/uploads\/2023\/08\/Folie2_Web-1-570x380.jpg 570w, https:\/\/www.mas.bayern\/wp-content\/uploads\/2023\/08\/Folie2_Web-1-380x254.jpg 380w, https:\/\/www.mas.bayern\/wp-content\/uploads\/2023\/08\/Folie2_Web-1-285x190.jpg 285w\" sizes=\"(max-width: 600px) 100vw, 600px\" \/><\/figure>\n<\/div><\/div>\n\n\n\n<figure class=\"wp-block-image size-full\"><img decoding=\"async\" loading=\"lazy\" width=\"500\" height=\"339\" src=\"https:\/\/www.mas.bayern\/wp-content\/uploads\/2023\/08\/xan-griffin-QxNkzEjB180-unsplash-1.jpg\" alt=\"\" class=\"wp-image-706\" srcset=\"https:\/\/www.mas.bayern\/wp-content\/uploads\/2023\/08\/xan-griffin-QxNkzEjB180-unsplash-1.jpg 500w, https:\/\/www.mas.bayern\/wp-content\/uploads\/2023\/08\/xan-griffin-QxNkzEjB180-unsplash-1-300x203.jpg 300w\" sizes=\"(max-width: 500px) 100vw, 500px\" \/><\/figure>\n<\/div>\n\n\n\n<div class=\"wp-block-column is-layout-flow wp-block-column-is-layout-flow\" style=\"flex-basis:58%\">\n<p style=\"font-size:15px\">Bruxsafol Autoglasfolien lassen Sie entspannter und  sicherer an Ihr Ziel kommen. Sch\u00fctzen Sie sich und Ihr Fahrzeug mit  Bruxsafol Folien.&nbsp;Bruxsafol Folien bieten Komfort, Styling und  Sonnenschutz in einem. Entdecken Sie die Vielseitigkeit&nbsp;der Folien:<\/p>\n\n\n\n<p class=\"has-very-dark-gray-color has-text-color has-medium-font-size\"><strong>Fahren Sie gelassener:<\/strong><\/p>\n\n\n\n<p style=\"font-size:15px\">Bruxsafol Folien wurden entwickelt, um bis zu 70% der  gesamten W\u00e4rmestrahlung zu reduzieren. Der Effekt ist sofort sp\u00fcrbar.  Ihr Fahrzeug wird weniger aufgeheizt und die Klimaanlage entlastet. Ein  weiteres Plus unserer Produkte: sie helfen die Blendung f\u00fcr  Fondpassagiere zu minimieren und die Blendwirkung bei Nachtfahrten im  R\u00fcckspiegel zu reduzieren.<\/p>\n\n\n\n<p class=\"has-very-dark-gray-color has-text-color has-medium-font-size\"><strong>Fahren Sie gesch\u00fctzter:<\/strong><\/p>\n\n\n\n<p style=\"font-size:15px\">Unsere Folien haben im Fahrzeug eine vergleichbare Wirkung, wie Sonnencreme f\u00fcr Ihre Haut, <br>99,9 % der sch\u00e4dlichen UV-Strahlung werden ausgefiltert, der  effektive Schutz gegen ein vorzeitiges Verbleichen des Innenraumes.  Dies ist f\u00fcr alle Bruxsafol Folien der neuen Generation vom Institut  Hohenstein nach UV Standard 801 gepr\u00fcft und best\u00e4tigt.<\/p>\n\n\n\n<p class=\"has-very-dark-gray-color has-text-color has-medium-font-size\"><strong>Fahren Sie \u201ecooler\u201c<\/strong>:<\/p>\n\n\n\n<p style=\"font-size:15px\">Mit Bruxsafol Autoglasfolien k\u00f6nnen nicht nur  Innenraumtemperaturen gesenkt werden, Sie verleihen Ihrem Fahrzeug auch  eine optische Aufwertung. Dabei k\u00f6nnen Sie aus einer Vielzahl Farbt\u00f6nen  ausw\u00e4hlen &#8211; und auch unterschiedlichsten Lichtdurchl\u00e4ssigkeitsstufen.  Bei&nbsp;Bruxsafol finden Sie die Folie, die zu Ihrem Fahrzeug und Ihren  Anforderungen passt. (Bitte beachten Sie die gesetzlichen Bestimmungen  zu unseren Autoglasfolien)<\/p>\n\n\n\n<p class=\"has-very-dark-gray-color has-text-color has-medium-font-size\"><strong>Gesetzliche Bestimmungen: Verwendung von Autoglasfolie<\/strong><\/p>\n\n\n\n<p style=\"font-size:15px\">T\u00f6nungsfolien sind nur f\u00fcr die Montage an den  hinteren Seitenscheiben und der Heckscheibe bei gleichzeitigem  Vorhandensein eines Au\u00dfenspiegels an der Beifahrerseite zul\u00e4ssig!<br><br>Die Scheiben d\u00fcrfen mit der Folie nur bis zur  Scheibenhalterung beschichtet werden. Ein Verklemmen bzw. eine  Verbindung der Folie mit der Scheibenhalterung oder der Gummidichtung  ist unzul\u00e4ssig.<br>             <br>Typ und Pr\u00fcfzeichen der verwendeten Folie muss gut lesbar  und dauerhaft an jeder am Fahrzeug verklebten Folie vorhanden sein.<br>             <br>Beachten Sie die Hinweise der Allgemeinen Bauartgenehmigung (ABG). Die ABG Urkunde ist im Fahrzeug mitzuf\u00fchren!<\/p>\n\n\n\n<p class=\"has-text-align-right\" style=\"font-size:15px\"><em>Quelle: Bruxsafol<\/em><\/p>\n<\/div>\n<\/div>\n","protected":false},"excerpt":{"rendered":"<p>Autoglas Folie &#8211; Hightech f\u00fcr Ihr Fahrzeug Bruxsafol Autoglasfolien lassen Sie entspannter und sicherer an Ihr Ziel kommen. Sch\u00fctzen Sie sich und Ihr Fahrzeug mit Bruxsafol Folien.&nbsp;Bruxsafol Folien bieten Komfort, Styling und Sonnenschutz in einem. Entdecken Sie die Vielseitigkeit&nbsp;der Folien: Fahren Sie gelassener: Bruxsafol Folien wurden entwickelt, um bis zu 70% der gesamten W\u00e4rmestrahlung zu<\/p>\n<p><a href=\"https:\/\/www.mas.bayern\/?page_id=111\" class=\"more-link themebutton\">Read More<\/a><\/p>\n","protected":false},"author":1,"featured_media":0,"parent":0,"menu_order":0,"comment_status":"closed","ping_status":"closed","template":"","meta":{"footnotes":""},"yoast_head":"<!-- This site is optimized with the Yoast SEO plugin v20.13 - https:\/\/yoast.com\/wordpress\/plugins\/seo\/ -->\n<title>Folie - Mobiler Autoglas Service<\/title>\n<meta name=\"robots\" content=\"index, follow, max-snippet:-1, max-image-preview:large, max-video-preview:-1\" \/>\n<link rel=\"canonical\" href=\"https:\/\/www.mas.bayern\/?page_id=111\" \/>\n<meta property=\"og:locale\" content=\"de_DE\" \/>\n<meta property=\"og:type\" content=\"article\" \/>\n<meta property=\"og:title\" content=\"Folie - Mobiler Autoglas Service\" \/>\n<meta property=\"og:description\" content=\"Autoglas Folie &#8211; Hightech f\u00fcr Ihr Fahrzeug Bruxsafol Autoglasfolien lassen Sie entspannter und sicherer an Ihr Ziel kommen. Sch\u00fctzen Sie sich und Ihr Fahrzeug mit Bruxsafol Folien.&nbsp;Bruxsafol Folien bieten Komfort, Styling und Sonnenschutz in einem. Entdecken Sie die Vielseitigkeit&nbsp;der Folien: Fahren Sie gelassener: Bruxsafol Folien wurden entwickelt, um bis zu 70% der gesamten W\u00e4rmestrahlung zuRead More\" \/>\n<meta property=\"og:url\" content=\"https:\/\/www.mas.bayern\/?page_id=111\" \/>\n<meta property=\"og:site_name\" content=\"Mobiler Autoglas Service\" \/>\n<meta property=\"article:modified_time\" content=\"2023-08-18T00:24:16+00:00\" \/>\n<meta property=\"og:image\" content=\"https:\/\/www.mas.bayern\/wp-content\/uploads\/2023\/04\/Folie1_Web.jpg\" \/>\n<meta name=\"twitter:card\" content=\"summary_large_image\" \/>\n<meta name=\"twitter:label1\" content=\"Gesch\u00e4tzte Lesezeit\" \/>\n\t<meta name=\"twitter:data1\" content=\"3\u00a0Minuten\" \/>\n<script type=\"application\/ld+json\" class=\"yoast-schema-graph\">{\"@context\":\"https:\/\/schema.org\",\"@graph\":[{\"@type\":\"WebPage\",\"@id\":\"https:\/\/www.mas.bayern\/?page_id=111\",\"url\":\"https:\/\/www.mas.bayern\/?page_id=111\",\"name\":\"Folie - Mobiler Autoglas Service\",\"isPartOf\":{\"@id\":\"https:\/\/www.mas.bayern\/#website\"},\"datePublished\":\"2020-02-08T19:47:19+00:00\",\"dateModified\":\"2023-08-18T00:24:16+00:00\",\"breadcrumb\":{\"@id\":\"https:\/\/www.mas.bayern\/?page_id=111#breadcrumb\"},\"inLanguage\":\"de\",\"potentialAction\":[{\"@type\":\"ReadAction\",\"target\":[\"https:\/\/www.mas.bayern\/?page_id=111\"]}]},{\"@type\":\"BreadcrumbList\",\"@id\":\"https:\/\/www.mas.bayern\/?page_id=111#breadcrumb\",\"itemListElement\":[{\"@type\":\"ListItem\",\"position\":1,\"name\":\"Startseite\",\"item\":\"https:\/\/www.mas.bayern\/\"},{\"@type\":\"ListItem\",\"position\":2,\"name\":\"Folie\"}]},{\"@type\":\"WebSite\",\"@id\":\"https:\/\/www.mas.bayern\/#website\",\"url\":\"https:\/\/www.mas.bayern\/\",\"name\":\"Mobiler Autoglas Service\",\"description\":\"\",\"publisher\":{\"@id\":\"https:\/\/www.mas.bayern\/#organization\"},\"potentialAction\":[{\"@type\":\"SearchAction\",\"target\":{\"@type\":\"EntryPoint\",\"urlTemplate\":\"https:\/\/www.mas.bayern\/?s={search_term_string}\"},\"query-input\":\"required name=search_term_string\"}],\"inLanguage\":\"de\"},{\"@type\":\"Organization\",\"@id\":\"https:\/\/www.mas.bayern\/#organization\",\"name\":\"Mobiler Autoglas Service\",\"url\":\"https:\/\/www.mas.bayern\/\",\"logo\":{\"@type\":\"ImageObject\",\"inLanguage\":\"de\",\"@id\":\"https:\/\/www.mas.bayern\/#\/schema\/logo\/image\/\",\"url\":\"https:\/\/www.mas.bayern\/wp-content\/uploads\/2023\/04\/cropped-mas_Logo_gesamt.png\",\"contentUrl\":\"https:\/\/www.mas.bayern\/wp-content\/uploads\/2023\/04\/cropped-mas_Logo_gesamt.png\",\"width\":156,\"height\":135,\"caption\":\"Mobiler Autoglas Service\"},\"image\":{\"@id\":\"https:\/\/www.mas.bayern\/#\/schema\/logo\/image\/\"}}]}<\/script>\n<!-- \/ Yoast SEO plugin. -->","yoast_head_json":{"title":"Folie - Mobiler Autoglas Service","robots":{"index":"index","follow":"follow","max-snippet":"max-snippet:-1","max-image-preview":"max-image-preview:large","max-video-preview":"max-video-preview:-1"},"canonical":"https:\/\/www.mas.bayern\/?page_id=111","og_locale":"de_DE","og_type":"article","og_title":"Folie - Mobiler Autoglas Service","og_description":"Autoglas Folie &#8211; Hightech f\u00fcr Ihr Fahrzeug Bruxsafol Autoglasfolien lassen Sie entspannter und sicherer an Ihr Ziel kommen. Sch\u00fctzen Sie sich und Ihr Fahrzeug mit Bruxsafol Folien.&nbsp;Bruxsafol Folien bieten Komfort, Styling und Sonnenschutz in einem. Entdecken Sie die Vielseitigkeit&nbsp;der Folien: Fahren Sie gelassener: Bruxsafol Folien wurden entwickelt, um bis zu 70% der gesamten W\u00e4rmestrahlung zuRead More","og_url":"https:\/\/www.mas.bayern\/?page_id=111","og_site_name":"Mobiler Autoglas Service","article_modified_time":"2023-08-18T00:24:16+00:00","og_image":[{"url":"https:\/\/www.mas.bayern\/wp-content\/uploads\/2023\/04\/Folie1_Web.jpg"}],"twitter_card":"summary_large_image","twitter_misc":{"Gesch\u00e4tzte Lesezeit":"3\u00a0Minuten"},"schema":{"@context":"https:\/\/schema.org","@graph":[{"@type":"WebPage","@id":"https:\/\/www.mas.bayern\/?page_id=111","url":"https:\/\/www.mas.bayern\/?page_id=111","name":"Folie - Mobiler Autoglas Service","isPartOf":{"@id":"https:\/\/www.mas.bayern\/#website"},"datePublished":"2020-02-08T19:47:19+00:00","dateModified":"2023-08-18T00:24:16+00:00","breadcrumb":{"@id":"https:\/\/www.mas.bayern\/?page_id=111#breadcrumb"},"inLanguage":"de","potentialAction":[{"@type":"ReadAction","target":["https:\/\/www.mas.bayern\/?page_id=111"]}]},{"@type":"BreadcrumbList","@id":"https:\/\/www.mas.bayern\/?page_id=111#breadcrumb","itemListElement":[{"@type":"ListItem","position":1,"name":"Startseite","item":"https:\/\/www.mas.bayern\/"},{"@type":"ListItem","position":2,"name":"Folie"}]},{"@type":"WebSite","@id":"https:\/\/www.mas.bayern\/#website","url":"https:\/\/www.mas.bayern\/","name":"Mobiler Autoglas Service","description":"","publisher":{"@id":"https:\/\/www.mas.bayern\/#organization"},"potentialAction":[{"@type":"SearchAction","target":{"@type":"EntryPoint","urlTemplate":"https:\/\/www.mas.bayern\/?s={search_term_string}"},"query-input":"required name=search_term_string"}],"inLanguage":"de"},{"@type":"Organization","@id":"https:\/\/www.mas.bayern\/#organization","name":"Mobiler Autoglas Service","url":"https:\/\/www.mas.bayern\/","logo":{"@type":"ImageObject","inLanguage":"de","@id":"https:\/\/www.mas.bayern\/#\/schema\/logo\/image\/","url":"https:\/\/www.mas.bayern\/wp-content\/uploads\/2023\/04\/cropped-mas_Logo_gesamt.png","contentUrl":"https:\/\/www.mas.bayern\/wp-content\/uploads\/2023\/04\/cropped-mas_Logo_gesamt.png","width":156,"height":135,"caption":"Mobiler Autoglas Service"},"image":{"@id":"https:\/\/www.mas.bayern\/#\/schema\/logo\/image\/"}}]}},"_links":{"self":[{"href":"https:\/\/www.mas.bayern\/index.php?rest_route=\/wp\/v2\/pages\/111"}],"collection":[{"href":"https:\/\/www.mas.bayern\/index.php?rest_route=\/wp\/v2\/pages"}],"about":[{"href":"https:\/\/www.mas.bayern\/index.php?rest_route=\/wp\/v2\/types\/page"}],"author":[{"embeddable":true,"href":"https:\/\/www.mas.bayern\/index.php?rest_route=\/wp\/v2\/users\/1"}],"replies":[{"embeddable":true,"href":"https:\/\/www.mas.bayern\/index.php?rest_route=%2Fwp%2Fv2%2Fcomments&post=111"}],"version-history":[{"count":12,"href":"https:\/\/www.mas.bayern\/index.php?rest_route=\/wp\/v2\/pages\/111\/revisions"}],"predecessor-version":[{"id":707,"href":"https:\/\/www.mas.bayern\/index.php?rest_route=\/wp\/v2\/pages\/111\/revisions\/707"}],"wp:attachment":[{"href":"https:\/\/www.mas.bayern\/index.php?rest_route=%2Fwp%2Fv2%2Fmedia&parent=111"}],"curies":[{"name":"wp","href":"https:\/\/api.w.org\/{rel}","templated":true}]}}