{"id":174,"date":"2020-02-09T11:51:28","date_gmt":"2020-02-09T10:51:28","guid":{"rendered":"https:\/\/www.mas.bayern\/?page_id=174"},"modified":"2023-08-18T02:24:36","modified_gmt":"2023-08-18T00:24:36","slug":"reparatur","status":"publish","type":"page","link":"https:\/\/www.mas.bayern\/?page_id=174","title":{"rendered":"Reparatur"},"content":{"rendered":"\n<h2 class=\"has-text-align-right has-text-color wp-block-heading\" style=\"color:#004e9e\">Reparatur der Scheiben <\/h2>\n\n\n\n<p><\/p>\n\n\n\n<div class=\"wp-block-group is-layout-constrained wp-block-group-is-layout-constrained\"><div class=\"wp-block-group__inner-container\">\n<div class=\"wp-block-columns is-layout-flex wp-container-2 wp-block-columns-is-layout-flex\">\n<div class=\"wp-block-column is-layout-flow wp-block-column-is-layout-flow\" style=\"flex-basis:100%\">\n<div class=\"wp-block-media-text alignwide is-stacked-on-mobile is-vertically-aligned-top\"><figure class=\"wp-block-media-text__media\"><img decoding=\"async\" loading=\"lazy\" width=\"600\" height=\"400\" src=\"https:\/\/www.mas.bayern\/wp-content\/uploads\/2023\/08\/Reparatur_Web.jpg\" alt=\"\" class=\"wp-image-695 size-full\" srcset=\"https:\/\/www.mas.bayern\/wp-content\/uploads\/2023\/08\/Reparatur_Web.jpg 600w, https:\/\/www.mas.bayern\/wp-content\/uploads\/2023\/08\/Reparatur_Web-300x200.jpg 300w, https:\/\/www.mas.bayern\/wp-content\/uploads\/2023\/08\/Reparatur_Web-570x380.jpg 570w, https:\/\/www.mas.bayern\/wp-content\/uploads\/2023\/08\/Reparatur_Web-380x254.jpg 380w, https:\/\/www.mas.bayern\/wp-content\/uploads\/2023\/08\/Reparatur_Web-285x190.jpg 285w\" sizes=\"(max-width: 600px) 100vw, 600px\" \/><\/figure><div class=\"wp-block-media-text__content\">\n<p style=\"font-size:15px\">Bevor wir \u00fcber einen Austausch  der Scheibe sprechen, \u00fcberpr\u00fcfen wir zuerst ob eine Reparatur der  Scheibe sinnvoll und machbar ist. Dies schont nicht nur Ihren  Geldbeutel, sondern garantiert auch wieder eine stabile Scheibe. Diese  ist f\u00fcr die Stabilit\u00e4t Ihrer Karroserie von Bedeutung. <br><\/p>\n\n\n\n<p style=\"font-size:15px\">Sollten Sie eine Teil- oder Vollkaskoversicherung haben,  so \u00fcbernimmt diese die Kosten der Reparatur. Wir rechnen mit der  Versicherung direkt ab, soda\u00df Sie sich um diesen Papierkramm nicht  k\u00fcmmern m\u00fcssen.<\/p>\n\n\n\n<p style=\"font-size:15px\">Wir reparieren Ihre Scheibe mit qualitativ hochwertigem  Reparaturhartz und UV-Licht. Diese Reparatur dauert im Normalfall ca.  30-45 Minuten und wir k\u00f6nnen sie an fast jedem Ort durchf\u00fchren. <br><\/p>\n\n\n\n<p style=\"font-size:15px\">Bei  weitere Fragen k\u00f6nnen Sie uns gerne vorab kontaktieren! Ein Anruf oder eine E-Mail reicht.<br>   <\/p>\n\n\n\n<p class=\"has-text-color has-small-font-size\" style=\"color:#e73e08\"> *Es d\u00fcrfen und werden keine Reparaturen  im Fahrersichtfeld durchgef\u00fchrt! Bei einer Reparatur besteht immer die  Gefahr, dass die Scheibe rei\u00dfen kann. Dies k\u00f6nnen wir leider nicht  beeinflussen. Dadurch wird  ein Austausch der Scheibe notwendig.  <\/p>\n<\/div><\/div>\n<\/div>\n<\/div>\n<\/div><\/div>\n\n\n\n<p><\/p>\n","protected":false},"excerpt":{"rendered":"<p>Bevor wir \u00fcber einen Austausch der Scheibe sprechen, \u00fcberpr\u00fcfen wir zuerst ob eine Reparatur der Scheibe sinnvoll und machbar ist. Dies schont nicht nur Ihren Geldbeutel, sondern garantiert auch wieder eine stabile Scheibe. Diese ist f\u00fcr die Stabilit\u00e4t Ihrer Karroserie von Bedeutung. Sollten Sie eine Teil- oder Vollkaskoversicherung haben, so \u00fcbernimmt diese die Kosten der<\/p>\n<p><a href=\"https:\/\/www.mas.bayern\/?page_id=174\" class=\"more-link themebutton\">Read More<\/a><\/p>\n","protected":false},"author":1,"featured_media":0,"parent":0,"menu_order":0,"comment_status":"closed","ping_status":"closed","template":"","meta":{"footnotes":""},"yoast_head":"<!-- This site is optimized with the Yoast SEO plugin v20.13 - https:\/\/yoast.com\/wordpress\/plugins\/seo\/ -->\n<title>Reparatur - Mobiler Autoglas Service<\/title>\n<meta name=\"robots\" content=\"index, follow, max-snippet:-1, max-image-preview:large, max-video-preview:-1\" \/>\n<link rel=\"canonical\" href=\"https:\/\/www.mas.bayern\/?page_id=174\" \/>\n<meta property=\"og:locale\" content=\"de_DE\" \/>\n<meta property=\"og:type\" content=\"article\" \/>\n<meta property=\"og:title\" content=\"Reparatur - Mobiler Autoglas Service\" \/>\n<meta property=\"og:description\" content=\"Bevor wir \u00fcber einen Austausch der Scheibe sprechen, \u00fcberpr\u00fcfen wir zuerst ob eine Reparatur der Scheibe sinnvoll und machbar ist. Dies schont nicht nur Ihren Geldbeutel, sondern garantiert auch wieder eine stabile Scheibe. Diese ist f\u00fcr die Stabilit\u00e4t Ihrer Karroserie von Bedeutung. Sollten Sie eine Teil- oder Vollkaskoversicherung haben, so \u00fcbernimmt diese die Kosten derRead More\" \/>\n<meta property=\"og:url\" content=\"https:\/\/www.mas.bayern\/?page_id=174\" \/>\n<meta property=\"og:site_name\" content=\"Mobiler Autoglas Service\" \/>\n<meta property=\"article:modified_time\" content=\"2023-08-18T00:24:36+00:00\" \/>\n<meta property=\"og:image\" content=\"https:\/\/www.mas.bayern\/wp-content\/uploads\/2023\/08\/Reparatur_Web.jpg\" \/>\n<meta name=\"twitter:card\" content=\"summary_large_image\" \/>\n<meta name=\"twitter:label1\" content=\"Gesch\u00e4tzte Lesezeit\" \/>\n\t<meta name=\"twitter:data1\" content=\"2\u00a0Minuten\" \/>\n<script type=\"application\/ld+json\" class=\"yoast-schema-graph\">{\"@context\":\"https:\/\/schema.org\",\"@graph\":[{\"@type\":\"WebPage\",\"@id\":\"https:\/\/www.mas.bayern\/?page_id=174\",\"url\":\"https:\/\/www.mas.bayern\/?page_id=174\",\"name\":\"Reparatur - Mobiler Autoglas Service\",\"isPartOf\":{\"@id\":\"https:\/\/www.mas.bayern\/#website\"},\"datePublished\":\"2020-02-09T10:51:28+00:00\",\"dateModified\":\"2023-08-18T00:24:36+00:00\",\"breadcrumb\":{\"@id\":\"https:\/\/www.mas.bayern\/?page_id=174#breadcrumb\"},\"inLanguage\":\"de\",\"potentialAction\":[{\"@type\":\"ReadAction\",\"target\":[\"https:\/\/www.mas.bayern\/?page_id=174\"]}]},{\"@type\":\"BreadcrumbList\",\"@id\":\"https:\/\/www.mas.bayern\/?page_id=174#breadcrumb\",\"itemListElement\":[{\"@type\":\"ListItem\",\"position\":1,\"name\":\"Startseite\",\"item\":\"https:\/\/www.mas.bayern\/\"},{\"@type\":\"ListItem\",\"position\":2,\"name\":\"Reparatur\"}]},{\"@type\":\"WebSite\",\"@id\":\"https:\/\/www.mas.bayern\/#website\",\"url\":\"https:\/\/www.mas.bayern\/\",\"name\":\"Mobiler Autoglas Service\",\"description\":\"\",\"publisher\":{\"@id\":\"https:\/\/www.mas.bayern\/#organization\"},\"potentialAction\":[{\"@type\":\"SearchAction\",\"target\":{\"@type\":\"EntryPoint\",\"urlTemplate\":\"https:\/\/www.mas.bayern\/?s={search_term_string}\"},\"query-input\":\"required name=search_term_string\"}],\"inLanguage\":\"de\"},{\"@type\":\"Organization\",\"@id\":\"https:\/\/www.mas.bayern\/#organization\",\"name\":\"Mobiler Autoglas Service\",\"url\":\"https:\/\/www.mas.bayern\/\",\"logo\":{\"@type\":\"ImageObject\",\"inLanguage\":\"de\",\"@id\":\"https:\/\/www.mas.bayern\/#\/schema\/logo\/image\/\",\"url\":\"https:\/\/www.mas.bayern\/wp-content\/uploads\/2023\/04\/cropped-mas_Logo_gesamt.png\",\"contentUrl\":\"https:\/\/www.mas.bayern\/wp-content\/uploads\/2023\/04\/cropped-mas_Logo_gesamt.png\",\"width\":156,\"height\":135,\"caption\":\"Mobiler Autoglas Service\"},\"image\":{\"@id\":\"https:\/\/www.mas.bayern\/#\/schema\/logo\/image\/\"}}]}<\/script>\n<!-- \/ Yoast SEO plugin. -->","yoast_head_json":{"title":"Reparatur - Mobiler Autoglas Service","robots":{"index":"index","follow":"follow","max-snippet":"max-snippet:-1","max-image-preview":"max-image-preview:large","max-video-preview":"max-video-preview:-1"},"canonical":"https:\/\/www.mas.bayern\/?page_id=174","og_locale":"de_DE","og_type":"article","og_title":"Reparatur - Mobiler Autoglas Service","og_description":"Bevor wir \u00fcber einen Austausch der Scheibe sprechen, \u00fcberpr\u00fcfen wir zuerst ob eine Reparatur der Scheibe sinnvoll und machbar ist. Dies schont nicht nur Ihren Geldbeutel, sondern garantiert auch wieder eine stabile Scheibe. Diese ist f\u00fcr die Stabilit\u00e4t Ihrer Karroserie von Bedeutung. Sollten Sie eine Teil- oder Vollkaskoversicherung haben, so \u00fcbernimmt diese die Kosten derRead More","og_url":"https:\/\/www.mas.bayern\/?page_id=174","og_site_name":"Mobiler Autoglas Service","article_modified_time":"2023-08-18T00:24:36+00:00","og_image":[{"url":"https:\/\/www.mas.bayern\/wp-content\/uploads\/2023\/08\/Reparatur_Web.jpg"}],"twitter_card":"summary_large_image","twitter_misc":{"Gesch\u00e4tzte Lesezeit":"2\u00a0Minuten"},"schema":{"@context":"https:\/\/schema.org","@graph":[{"@type":"WebPage","@id":"https:\/\/www.mas.bayern\/?page_id=174","url":"https:\/\/www.mas.bayern\/?page_id=174","name":"Reparatur - Mobiler Autoglas Service","isPartOf":{"@id":"https:\/\/www.mas.bayern\/#website"},"datePublished":"2020-02-09T10:51:28+00:00","dateModified":"2023-08-18T00:24:36+00:00","breadcrumb":{"@id":"https:\/\/www.mas.bayern\/?page_id=174#breadcrumb"},"inLanguage":"de","potentialAction":[{"@type":"ReadAction","target":["https:\/\/www.mas.bayern\/?page_id=174"]}]},{"@type":"BreadcrumbList","@id":"https:\/\/www.mas.bayern\/?page_id=174#breadcrumb","itemListElement":[{"@type":"ListItem","position":1,"name":"Startseite","item":"https:\/\/www.mas.bayern\/"},{"@type":"ListItem","position":2,"name":"Reparatur"}]},{"@type":"WebSite","@id":"https:\/\/www.mas.bayern\/#website","url":"https:\/\/www.mas.bayern\/","name":"Mobiler Autoglas Service","description":"","publisher":{"@id":"https:\/\/www.mas.bayern\/#organization"},"potentialAction":[{"@type":"SearchAction","target":{"@type":"EntryPoint","urlTemplate":"https:\/\/www.mas.bayern\/?s={search_term_string}"},"query-input":"required name=search_term_string"}],"inLanguage":"de"},{"@type":"Organization","@id":"https:\/\/www.mas.bayern\/#organization","name":"Mobiler Autoglas Service","url":"https:\/\/www.mas.bayern\/","logo":{"@type":"ImageObject","inLanguage":"de","@id":"https:\/\/www.mas.bayern\/#\/schema\/logo\/image\/","url":"https:\/\/www.mas.bayern\/wp-content\/uploads\/2023\/04\/cropped-mas_Logo_gesamt.png","contentUrl":"https:\/\/www.mas.bayern\/wp-content\/uploads\/2023\/04\/cropped-mas_Logo_gesamt.png","width":156,"height":135,"caption":"Mobiler Autoglas Service"},"image":{"@id":"https:\/\/www.mas.bayern\/#\/schema\/logo\/image\/"}}]}},"_links":{"self":[{"href":"https:\/\/www.mas.bayern\/index.php?rest_route=\/wp\/v2\/pages\/174"}],"collection":[{"href":"https:\/\/www.mas.bayern\/index.php?rest_route=\/wp\/v2\/pages"}],"about":[{"href":"https:\/\/www.mas.bayern\/index.php?rest_route=\/wp\/v2\/types\/page"}],"author":[{"embeddable":true,"href":"https:\/\/www.mas.bayern\/index.php?rest_route=\/wp\/v2\/users\/1"}],"replies":[{"embeddable":true,"href":"https:\/\/www.mas.bayern\/index.php?rest_route=%2Fwp%2Fv2%2Fcomments&post=174"}],"version-history":[{"count":10,"href":"https:\/\/www.mas.bayern\/index.php?rest_route=\/wp\/v2\/pages\/174\/revisions"}],"predecessor-version":[{"id":697,"href":"https:\/\/www.mas.bayern\/index.php?rest_route=\/wp\/v2\/pages\/174\/revisions\/697"}],"wp:attachment":[{"href":"https:\/\/www.mas.bayern\/index.php?rest_route=%2Fwp%2Fv2%2Fmedia&parent=174"}],"curies":[{"name":"wp","href":"https:\/\/api.w.org\/{rel}","templated":true}]}}