{"id":554,"date":"2021-02-19T19:52:30","date_gmt":"2021-02-19T18:52:30","guid":{"rendered":"https:\/\/www.mas.bayern\/?page_id=554"},"modified":"2023-08-18T00:36:27","modified_gmt":"2023-08-17T22:36:27","slug":"austausch-2","status":"publish","type":"page","link":"https:\/\/www.mas.bayern\/?page_id=554","title":{"rendered":"Austausch"},"content":{"rendered":"\n<h2 class=\"wp-block-heading has-text-align-right has-text-color\" style=\"color:#004e9e\">Austausch der Scheiben <\/h2>\n\n\n\n<p><\/p>\n\n\n\n<div class=\"wp-block-media-text alignwide is-stacked-on-mobile is-vertically-aligned-top\" style=\"grid-template-columns:46% auto\"><figure class=\"wp-block-media-text__media\"><img decoding=\"async\" loading=\"lazy\" width=\"600\" height=\"400\" src=\"https:\/\/www.mas.bayern\/wp-content\/uploads\/2023\/08\/Austausch_Web-1.jpg\" alt=\"\" class=\"wp-image-692 size-full\" srcset=\"https:\/\/www.mas.bayern\/wp-content\/uploads\/2023\/08\/Austausch_Web-1.jpg 600w, https:\/\/www.mas.bayern\/wp-content\/uploads\/2023\/08\/Austausch_Web-1-300x200.jpg 300w, https:\/\/www.mas.bayern\/wp-content\/uploads\/2023\/08\/Austausch_Web-1-570x380.jpg 570w, https:\/\/www.mas.bayern\/wp-content\/uploads\/2023\/08\/Austausch_Web-1-380x254.jpg 380w, https:\/\/www.mas.bayern\/wp-content\/uploads\/2023\/08\/Austausch_Web-1-285x190.jpg 285w\" sizes=\"(max-width: 600px) 100vw, 600px\" \/><\/figure><div class=\"wp-block-media-text__content\">\n<p style=\"font-size:15px\">Manche Scheiben k\u00f6nnen und d\u00fcrfen aus gesetzlicher Sicht nicht mehr repariert werden, wenn der Steinschlag oder der Riss im Sichtfeld, gr\u00f6\u00dfer als eine 2 Euro M\u00fcnze ist und die Folie Besch\u00e4digungen hat. Zudem spielen Sicherheitsrelevante Faktoren eine Rolle, die durchaus f\u00fcr einen Scheibenaustausch sprechen. Sie sch\u00fctzen uns nicht nur vor Wind und Insekten, sondern \u00fcbernehmen heute wichtige Aufgaben der Karosserie, wie z.B. Torsionssteifigkeit.<\/p>\n\n\n\n<p>Sollte ein Austausch der Scheibe notwendig sein, so k\u00fcmmern wir uns um alles Notwendige.<br>Wir kommen z.B. zu Ihnen nach Hause oder zur Arbeit. Wir rechnen Direkt mit Ihrer Versicherung ab, soda\u00df Sie keinen weiteren Aufwand haben.<\/p>\n\n\n\n<p>Wir verwenden nur hochwertige Materialien und Scheiben. Dadurch k\u00f6nnen wir Ihnen Lebenslange Garantie auf Dichtigkeit geben und die Herstellergarantie be Neuw\u00e4gen bleibt erhalten.<\/p>\n\n\n\n<p>Sollte Sie noch Fragen haben, gen\u00fcgt ein Anruf oder E-Mail und wir sind gerne f\u00fcr Sie da.<\/p>\n\n\n\n<p class=\"has-text-color has-small-font-size\" style=\"color:#e73e08\"> *Es d\u00fcrfen und werden keine Reparaturen  im Fahrersichtfeld durchgef\u00fchrt! Bei einer Reparatur besteht immer die  Gefahr, dass die Scheibe rei\u00dfen kann. Dies k\u00f6nnen wir leider nicht  beeinflussen. Dadurch wird  ein Austausch der Scheibe notwendig.  <\/p>\n<\/div><\/div>\n\n\n\n<div class=\"wp-block-buttons is-layout-flex wp-block-buttons-is-layout-flex\"><\/div>\n","protected":false},"excerpt":{"rendered":"<p>Austausch der Scheiben Manche Scheiben k\u00f6nnen und d\u00fcrfen aus gesetzlicher Sicht nicht mehr repariert werden, wenn der Steinschlag oder der Riss im Sichtfeld, gr\u00f6\u00dfer als eine 2 Euro M\u00fcnze ist und die Folie Besch\u00e4digungen hat. Zudem spielen Sicherheitsrelevante Faktoren eine Rolle, die durchaus f\u00fcr einen Scheibenaustausch sprechen. Sie sch\u00fctzen uns nicht nur vor Wind und<\/p>\n<p><a href=\"https:\/\/www.mas.bayern\/?page_id=554\" class=\"more-link themebutton\">Read More<\/a><\/p>\n","protected":false},"author":1,"featured_media":0,"parent":0,"menu_order":4,"comment_status":"closed","ping_status":"closed","template":"","meta":{"footnotes":""},"yoast_head":"<!-- This site is optimized with the Yoast SEO plugin v20.13 - https:\/\/yoast.com\/wordpress\/plugins\/seo\/ -->\n<title>Austausch - Mobiler Autoglas Service<\/title>\n<meta name=\"robots\" content=\"index, follow, max-snippet:-1, max-image-preview:large, max-video-preview:-1\" \/>\n<link rel=\"canonical\" href=\"https:\/\/www.mas.bayern\/?page_id=554\" \/>\n<meta property=\"og:locale\" content=\"de_DE\" \/>\n<meta property=\"og:type\" content=\"article\" \/>\n<meta property=\"og:title\" content=\"Austausch - Mobiler Autoglas Service\" \/>\n<meta property=\"og:description\" content=\"Austausch der Scheiben Manche Scheiben k\u00f6nnen und d\u00fcrfen aus gesetzlicher Sicht nicht mehr repariert werden, wenn der Steinschlag oder der Riss im Sichtfeld, gr\u00f6\u00dfer als eine 2 Euro M\u00fcnze ist und die Folie Besch\u00e4digungen hat. Zudem spielen Sicherheitsrelevante Faktoren eine Rolle, die durchaus f\u00fcr einen Scheibenaustausch sprechen. Sie sch\u00fctzen uns nicht nur vor Wind undRead More\" \/>\n<meta property=\"og:url\" content=\"https:\/\/www.mas.bayern\/?page_id=554\" \/>\n<meta property=\"og:site_name\" content=\"Mobiler Autoglas Service\" \/>\n<meta property=\"article:modified_time\" content=\"2023-08-17T22:36:27+00:00\" \/>\n<meta property=\"og:image\" content=\"https:\/\/www.mas.bayern\/wp-content\/uploads\/2023\/08\/Austausch_Web-1.jpg\" \/>\n<meta name=\"twitter:card\" content=\"summary_large_image\" \/>\n<meta name=\"twitter:label1\" content=\"Gesch\u00e4tzte Lesezeit\" \/>\n\t<meta name=\"twitter:data1\" content=\"2\u00a0Minuten\" \/>\n<script type=\"application\/ld+json\" class=\"yoast-schema-graph\">{\"@context\":\"https:\/\/schema.org\",\"@graph\":[{\"@type\":\"WebPage\",\"@id\":\"https:\/\/www.mas.bayern\/?page_id=554\",\"url\":\"https:\/\/www.mas.bayern\/?page_id=554\",\"name\":\"Austausch - Mobiler Autoglas Service\",\"isPartOf\":{\"@id\":\"https:\/\/www.mas.bayern\/#website\"},\"datePublished\":\"2021-02-19T18:52:30+00:00\",\"dateModified\":\"2023-08-17T22:36:27+00:00\",\"breadcrumb\":{\"@id\":\"https:\/\/www.mas.bayern\/?page_id=554#breadcrumb\"},\"inLanguage\":\"de\",\"potentialAction\":[{\"@type\":\"ReadAction\",\"target\":[\"https:\/\/www.mas.bayern\/?page_id=554\"]}]},{\"@type\":\"BreadcrumbList\",\"@id\":\"https:\/\/www.mas.bayern\/?page_id=554#breadcrumb\",\"itemListElement\":[{\"@type\":\"ListItem\",\"position\":1,\"name\":\"Startseite\",\"item\":\"https:\/\/www.mas.bayern\/\"},{\"@type\":\"ListItem\",\"position\":2,\"name\":\"Austausch\"}]},{\"@type\":\"WebSite\",\"@id\":\"https:\/\/www.mas.bayern\/#website\",\"url\":\"https:\/\/www.mas.bayern\/\",\"name\":\"Mobiler Autoglas Service\",\"description\":\"\",\"publisher\":{\"@id\":\"https:\/\/www.mas.bayern\/#organization\"},\"potentialAction\":[{\"@type\":\"SearchAction\",\"target\":{\"@type\":\"EntryPoint\",\"urlTemplate\":\"https:\/\/www.mas.bayern\/?s={search_term_string}\"},\"query-input\":\"required name=search_term_string\"}],\"inLanguage\":\"de\"},{\"@type\":\"Organization\",\"@id\":\"https:\/\/www.mas.bayern\/#organization\",\"name\":\"Mobiler Autoglas Service\",\"url\":\"https:\/\/www.mas.bayern\/\",\"logo\":{\"@type\":\"ImageObject\",\"inLanguage\":\"de\",\"@id\":\"https:\/\/www.mas.bayern\/#\/schema\/logo\/image\/\",\"url\":\"https:\/\/www.mas.bayern\/wp-content\/uploads\/2023\/04\/cropped-mas_Logo_gesamt.png\",\"contentUrl\":\"https:\/\/www.mas.bayern\/wp-content\/uploads\/2023\/04\/cropped-mas_Logo_gesamt.png\",\"width\":156,\"height\":135,\"caption\":\"Mobiler Autoglas Service\"},\"image\":{\"@id\":\"https:\/\/www.mas.bayern\/#\/schema\/logo\/image\/\"}}]}<\/script>\n<!-- \/ Yoast SEO plugin. -->","yoast_head_json":{"title":"Austausch - Mobiler Autoglas Service","robots":{"index":"index","follow":"follow","max-snippet":"max-snippet:-1","max-image-preview":"max-image-preview:large","max-video-preview":"max-video-preview:-1"},"canonical":"https:\/\/www.mas.bayern\/?page_id=554","og_locale":"de_DE","og_type":"article","og_title":"Austausch - Mobiler Autoglas Service","og_description":"Austausch der Scheiben Manche Scheiben k\u00f6nnen und d\u00fcrfen aus gesetzlicher Sicht nicht mehr repariert werden, wenn der Steinschlag oder der Riss im Sichtfeld, gr\u00f6\u00dfer als eine 2 Euro M\u00fcnze ist und die Folie Besch\u00e4digungen hat. Zudem spielen Sicherheitsrelevante Faktoren eine Rolle, die durchaus f\u00fcr einen Scheibenaustausch sprechen. Sie sch\u00fctzen uns nicht nur vor Wind undRead More","og_url":"https:\/\/www.mas.bayern\/?page_id=554","og_site_name":"Mobiler Autoglas Service","article_modified_time":"2023-08-17T22:36:27+00:00","og_image":[{"url":"https:\/\/www.mas.bayern\/wp-content\/uploads\/2023\/08\/Austausch_Web-1.jpg"}],"twitter_card":"summary_large_image","twitter_misc":{"Gesch\u00e4tzte Lesezeit":"2\u00a0Minuten"},"schema":{"@context":"https:\/\/schema.org","@graph":[{"@type":"WebPage","@id":"https:\/\/www.mas.bayern\/?page_id=554","url":"https:\/\/www.mas.bayern\/?page_id=554","name":"Austausch - Mobiler Autoglas Service","isPartOf":{"@id":"https:\/\/www.mas.bayern\/#website"},"datePublished":"2021-02-19T18:52:30+00:00","dateModified":"2023-08-17T22:36:27+00:00","breadcrumb":{"@id":"https:\/\/www.mas.bayern\/?page_id=554#breadcrumb"},"inLanguage":"de","potentialAction":[{"@type":"ReadAction","target":["https:\/\/www.mas.bayern\/?page_id=554"]}]},{"@type":"BreadcrumbList","@id":"https:\/\/www.mas.bayern\/?page_id=554#breadcrumb","itemListElement":[{"@type":"ListItem","position":1,"name":"Startseite","item":"https:\/\/www.mas.bayern\/"},{"@type":"ListItem","position":2,"name":"Austausch"}]},{"@type":"WebSite","@id":"https:\/\/www.mas.bayern\/#website","url":"https:\/\/www.mas.bayern\/","name":"Mobiler Autoglas Service","description":"","publisher":{"@id":"https:\/\/www.mas.bayern\/#organization"},"potentialAction":[{"@type":"SearchAction","target":{"@type":"EntryPoint","urlTemplate":"https:\/\/www.mas.bayern\/?s={search_term_string}"},"query-input":"required name=search_term_string"}],"inLanguage":"de"},{"@type":"Organization","@id":"https:\/\/www.mas.bayern\/#organization","name":"Mobiler Autoglas Service","url":"https:\/\/www.mas.bayern\/","logo":{"@type":"ImageObject","inLanguage":"de","@id":"https:\/\/www.mas.bayern\/#\/schema\/logo\/image\/","url":"https:\/\/www.mas.bayern\/wp-content\/uploads\/2023\/04\/cropped-mas_Logo_gesamt.png","contentUrl":"https:\/\/www.mas.bayern\/wp-content\/uploads\/2023\/04\/cropped-mas_Logo_gesamt.png","width":156,"height":135,"caption":"Mobiler Autoglas Service"},"image":{"@id":"https:\/\/www.mas.bayern\/#\/schema\/logo\/image\/"}}]}},"_links":{"self":[{"href":"https:\/\/www.mas.bayern\/index.php?rest_route=\/wp\/v2\/pages\/554"}],"collection":[{"href":"https:\/\/www.mas.bayern\/index.php?rest_route=\/wp\/v2\/pages"}],"about":[{"href":"https:\/\/www.mas.bayern\/index.php?rest_route=\/wp\/v2\/types\/page"}],"author":[{"embeddable":true,"href":"https:\/\/www.mas.bayern\/index.php?rest_route=\/wp\/v2\/users\/1"}],"replies":[{"embeddable":true,"href":"https:\/\/www.mas.bayern\/index.php?rest_route=%2Fwp%2Fv2%2Fcomments&post=554"}],"version-history":[{"count":5,"href":"https:\/\/www.mas.bayern\/index.php?rest_route=\/wp\/v2\/pages\/554\/revisions"}],"predecessor-version":[{"id":693,"href":"https:\/\/www.mas.bayern\/index.php?rest_route=\/wp\/v2\/pages\/554\/revisions\/693"}],"wp:attachment":[{"href":"https:\/\/www.mas.bayern\/index.php?rest_route=%2Fwp%2Fv2%2Fmedia&parent=554"}],"curies":[{"name":"wp","href":"https:\/\/api.w.org\/{rel}","templated":true}]}}