{"id":77,"date":"2020-02-08T15:38:08","date_gmt":"2020-02-08T14:38:08","guid":{"rendered":"https:\/\/www.mas.bayern\/?page_id=77"},"modified":"2023-08-18T01:18:25","modified_gmt":"2023-08-17T23:18:25","slug":"ueber-uns","status":"publish","type":"page","link":"https:\/\/www.mas.bayern\/?page_id=77","title":{"rendered":"\u00dcber uns"},"content":{"rendered":"\n<h2 class=\"wp-block-heading has-text-align-right has-text-color\" style=\"color:#004e9e\"> Wir sind klein, aber oho&#8230;<\/h2>\n\n\n\n<div class=\"wp-block-group alignwide is-nowrap is-layout-flex wp-container-6 wp-block-group-is-layout-flex\">\n<div class=\"wp-block-group alignwide is-vertical is-layout-flex wp-container-5 wp-block-group-is-layout-flex\">\n<div class=\"wp-block-columns alignwide are-vertically-aligned-top is-layout-flex wp-container-4 wp-block-columns-is-layout-flex\">\n<div class=\"wp-block-column is-layout-flow wp-block-column-is-layout-flow\" style=\"flex-basis:42%\">\n<div class=\"wp-block-group is-layout-constrained wp-block-group-is-layout-constrained\"><div class=\"wp-block-group__inner-container\">\n<figure class=\"wp-block-image size-full is-resized\"><img decoding=\"async\" loading=\"lazy\" src=\"https:\/\/www.mas.bayern\/wp-content\/uploads\/2023\/08\/Glas_Promotion_2.jpg\" alt=\"\" class=\"wp-image-726\" style=\"width:349px;height:232px\" width=\"349\" height=\"232\" srcset=\"https:\/\/www.mas.bayern\/wp-content\/uploads\/2023\/08\/Glas_Promotion_2.jpg 600w, https:\/\/www.mas.bayern\/wp-content\/uploads\/2023\/08\/Glas_Promotion_2-300x200.jpg 300w, https:\/\/www.mas.bayern\/wp-content\/uploads\/2023\/08\/Glas_Promotion_2-570x380.jpg 570w, https:\/\/www.mas.bayern\/wp-content\/uploads\/2023\/08\/Glas_Promotion_2-380x254.jpg 380w, https:\/\/www.mas.bayern\/wp-content\/uploads\/2023\/08\/Glas_Promotion_2-285x190.jpg 285w\" sizes=\"(max-width: 349px) 100vw, 349px\" \/><\/figure>\n<\/div><\/div>\n\n\n\n<figure class=\"wp-block-image size-full is-resized\"><img decoding=\"async\" loading=\"lazy\" src=\"https:\/\/www.mas.bayern\/wp-content\/uploads\/2023\/08\/Werkstatt1-6.jpg\" alt=\"\" class=\"wp-image-728\" style=\"width:348px;height:260px\" width=\"348\" height=\"260\" srcset=\"https:\/\/www.mas.bayern\/wp-content\/uploads\/2023\/08\/Werkstatt1-6.jpg 500w, https:\/\/www.mas.bayern\/wp-content\/uploads\/2023\/08\/Werkstatt1-6-300x225.jpg 300w\" sizes=\"(max-width: 348px) 100vw, 348px\" \/><\/figure>\n<\/div>\n\n\n\n<div class=\"wp-block-column is-layout-flow wp-block-column-is-layout-flow\" style=\"flex-basis:58%\">\n<p class=\"has-medium-font-size\"><strong>Autoglas-Service ist<\/strong> <strong>Vertrauenssache<\/strong><\/p>\n\n\n\n<p style=\"font-size:15px\">Bereits seit 25 Jahren, ist die Firma \u201eMobiler  Autoglas-Service\u201c als Top-Profi f\u00fcr Glasreparaturen aller Art erfolgreich t\u00e4tig.<\/p>\n\n\n\n<p class=\"has-medium-font-size\"><strong>Der absolute Kundenservice<\/strong><\/p>\n\n\n\n<p style=\"font-size:15px\">Nicht der Kunde kommt zur Werkstatt, sondern die Werkstatt kommt zum Kunden, egal ob nach Hause oder zum Arbeitsplatz.  <\/p>\n\n\n\n<p style=\"font-size:15px\">Das erfahrene Team repariert Glassch\u00e4den bei Pkws, Lkws und Bussen, aber auch bei Wohnmobilen aller Marken direkt vor Ort.<br>Dass Autoglas-Austausch oder -Reparaturen nur von Spezialisten ausgef\u00fchrt werden sollten, erkl\u00e4rt der KFZ-Meister so:  \u201eWird bei einem Unfall der Airbag ausgel\u00f6st, st\u00fctzt sich dieser w\u00e4hrend des Aufblasens an der Frontscheibe ab. Ist diese mangelhaft verklebt, kann sie nach vorne herausgedr\u00fcckt werden und der Airbag wird entscheidend in seiner Funktion beeintr\u00e4chtigt. Das kann zu schweren Verletzungen f\u00fchren.<br><\/p>\n\n\n\n<p class=\"has-luminous-vivid-orange-color has-text-color\" style=\"font-size:15px\"><strong>Ein weiterer, wichtiger Aspekt: Sollten beim Entfernen des  alten Scheibenklebers am Karosserieflansch Lacksch\u00e4digungen entstehen, so werden diese durch fachm\u00e4nnischen Lackaufbau wieder versiegelt \u2013 und darauf gibt die Firma \u201eMobiler Autoglas-Service\u201c lebenslange Dichtigkeit- und Durchrostungsgarantie. \u00dcblich sind in der Kfz-Branche nur 2 Jahre. <\/strong><\/p>\n<\/div>\n<\/div>\n<\/div>\n<\/div>\n\n\n\n<p><\/p>\n","protected":false},"excerpt":{"rendered":"<p>Wir sind klein, aber oho&#8230; Autoglas-Service ist Vertrauenssache Bereits seit 25 Jahren, ist die Firma \u201eMobiler Autoglas-Service\u201c als Top-Profi f\u00fcr Glasreparaturen aller Art erfolgreich t\u00e4tig. Der absolute Kundenservice Nicht der Kunde kommt zur Werkstatt, sondern die Werkstatt kommt zum Kunden, egal ob nach Hause oder zum Arbeitsplatz. Das erfahrene Team repariert Glassch\u00e4den bei Pkws, Lkws<\/p>\n<p><a href=\"https:\/\/www.mas.bayern\/?page_id=77\" class=\"more-link themebutton\">Read More<\/a><\/p>\n","protected":false},"author":1,"featured_media":0,"parent":0,"menu_order":0,"comment_status":"closed","ping_status":"closed","template":"","meta":{"footnotes":""},"yoast_head":"<!-- This site is optimized with the Yoast SEO plugin v20.13 - https:\/\/yoast.com\/wordpress\/plugins\/seo\/ -->\n<title>\u00dcber uns - Mobiler Autoglas Service<\/title>\n<meta name=\"robots\" content=\"index, follow, max-snippet:-1, max-image-preview:large, max-video-preview:-1\" \/>\n<link rel=\"canonical\" href=\"https:\/\/www.mas.bayern\/?page_id=77\" \/>\n<meta property=\"og:locale\" content=\"de_DE\" \/>\n<meta property=\"og:type\" content=\"article\" \/>\n<meta property=\"og:title\" content=\"\u00dcber uns - Mobiler Autoglas Service\" \/>\n<meta property=\"og:description\" content=\"Wir sind klein, aber oho&#8230; Autoglas-Service ist Vertrauenssache Bereits seit 25 Jahren, ist die Firma \u201eMobiler Autoglas-Service\u201c als Top-Profi f\u00fcr Glasreparaturen aller Art erfolgreich t\u00e4tig. Der absolute Kundenservice Nicht der Kunde kommt zur Werkstatt, sondern die Werkstatt kommt zum Kunden, egal ob nach Hause oder zum Arbeitsplatz. Das erfahrene Team repariert Glassch\u00e4den bei Pkws, LkwsRead More\" \/>\n<meta property=\"og:url\" content=\"https:\/\/www.mas.bayern\/?page_id=77\" \/>\n<meta property=\"og:site_name\" content=\"Mobiler Autoglas Service\" \/>\n<meta property=\"article:modified_time\" content=\"2023-08-17T23:18:25+00:00\" \/>\n<meta property=\"og:image\" content=\"https:\/\/www.mas.bayern\/wp-content\/uploads\/2023\/08\/Glas_Promotion_2.jpg\" \/>\n<meta name=\"twitter:card\" content=\"summary_large_image\" \/>\n<meta name=\"twitter:label1\" content=\"Gesch\u00e4tzte Lesezeit\" \/>\n\t<meta name=\"twitter:data1\" content=\"2\u00a0Minuten\" \/>\n<script type=\"application\/ld+json\" class=\"yoast-schema-graph\">{\"@context\":\"https:\/\/schema.org\",\"@graph\":[{\"@type\":\"WebPage\",\"@id\":\"https:\/\/www.mas.bayern\/?page_id=77\",\"url\":\"https:\/\/www.mas.bayern\/?page_id=77\",\"name\":\"\u00dcber uns - Mobiler Autoglas Service\",\"isPartOf\":{\"@id\":\"https:\/\/www.mas.bayern\/#website\"},\"datePublished\":\"2020-02-08T14:38:08+00:00\",\"dateModified\":\"2023-08-17T23:18:25+00:00\",\"breadcrumb\":{\"@id\":\"https:\/\/www.mas.bayern\/?page_id=77#breadcrumb\"},\"inLanguage\":\"de\",\"potentialAction\":[{\"@type\":\"ReadAction\",\"target\":[\"https:\/\/www.mas.bayern\/?page_id=77\"]}]},{\"@type\":\"BreadcrumbList\",\"@id\":\"https:\/\/www.mas.bayern\/?page_id=77#breadcrumb\",\"itemListElement\":[{\"@type\":\"ListItem\",\"position\":1,\"name\":\"Startseite\",\"item\":\"https:\/\/www.mas.bayern\/\"},{\"@type\":\"ListItem\",\"position\":2,\"name\":\"\u00dcber uns\"}]},{\"@type\":\"WebSite\",\"@id\":\"https:\/\/www.mas.bayern\/#website\",\"url\":\"https:\/\/www.mas.bayern\/\",\"name\":\"Mobiler Autoglas Service\",\"description\":\"\",\"publisher\":{\"@id\":\"https:\/\/www.mas.bayern\/#organization\"},\"potentialAction\":[{\"@type\":\"SearchAction\",\"target\":{\"@type\":\"EntryPoint\",\"urlTemplate\":\"https:\/\/www.mas.bayern\/?s={search_term_string}\"},\"query-input\":\"required name=search_term_string\"}],\"inLanguage\":\"de\"},{\"@type\":\"Organization\",\"@id\":\"https:\/\/www.mas.bayern\/#organization\",\"name\":\"Mobiler Autoglas Service\",\"url\":\"https:\/\/www.mas.bayern\/\",\"logo\":{\"@type\":\"ImageObject\",\"inLanguage\":\"de\",\"@id\":\"https:\/\/www.mas.bayern\/#\/schema\/logo\/image\/\",\"url\":\"https:\/\/www.mas.bayern\/wp-content\/uploads\/2023\/04\/cropped-mas_Logo_gesamt.png\",\"contentUrl\":\"https:\/\/www.mas.bayern\/wp-content\/uploads\/2023\/04\/cropped-mas_Logo_gesamt.png\",\"width\":156,\"height\":135,\"caption\":\"Mobiler Autoglas Service\"},\"image\":{\"@id\":\"https:\/\/www.mas.bayern\/#\/schema\/logo\/image\/\"}}]}<\/script>\n<!-- \/ Yoast SEO plugin. -->","yoast_head_json":{"title":"\u00dcber uns - Mobiler Autoglas Service","robots":{"index":"index","follow":"follow","max-snippet":"max-snippet:-1","max-image-preview":"max-image-preview:large","max-video-preview":"max-video-preview:-1"},"canonical":"https:\/\/www.mas.bayern\/?page_id=77","og_locale":"de_DE","og_type":"article","og_title":"\u00dcber uns - Mobiler Autoglas Service","og_description":"Wir sind klein, aber oho&#8230; Autoglas-Service ist Vertrauenssache Bereits seit 25 Jahren, ist die Firma \u201eMobiler Autoglas-Service\u201c als Top-Profi f\u00fcr Glasreparaturen aller Art erfolgreich t\u00e4tig. Der absolute Kundenservice Nicht der Kunde kommt zur Werkstatt, sondern die Werkstatt kommt zum Kunden, egal ob nach Hause oder zum Arbeitsplatz. Das erfahrene Team repariert Glassch\u00e4den bei Pkws, LkwsRead More","og_url":"https:\/\/www.mas.bayern\/?page_id=77","og_site_name":"Mobiler Autoglas Service","article_modified_time":"2023-08-17T23:18:25+00:00","og_image":[{"url":"https:\/\/www.mas.bayern\/wp-content\/uploads\/2023\/08\/Glas_Promotion_2.jpg"}],"twitter_card":"summary_large_image","twitter_misc":{"Gesch\u00e4tzte Lesezeit":"2\u00a0Minuten"},"schema":{"@context":"https:\/\/schema.org","@graph":[{"@type":"WebPage","@id":"https:\/\/www.mas.bayern\/?page_id=77","url":"https:\/\/www.mas.bayern\/?page_id=77","name":"\u00dcber uns - Mobiler Autoglas Service","isPartOf":{"@id":"https:\/\/www.mas.bayern\/#website"},"datePublished":"2020-02-08T14:38:08+00:00","dateModified":"2023-08-17T23:18:25+00:00","breadcrumb":{"@id":"https:\/\/www.mas.bayern\/?page_id=77#breadcrumb"},"inLanguage":"de","potentialAction":[{"@type":"ReadAction","target":["https:\/\/www.mas.bayern\/?page_id=77"]}]},{"@type":"BreadcrumbList","@id":"https:\/\/www.mas.bayern\/?page_id=77#breadcrumb","itemListElement":[{"@type":"ListItem","position":1,"name":"Startseite","item":"https:\/\/www.mas.bayern\/"},{"@type":"ListItem","position":2,"name":"\u00dcber uns"}]},{"@type":"WebSite","@id":"https:\/\/www.mas.bayern\/#website","url":"https:\/\/www.mas.bayern\/","name":"Mobiler Autoglas Service","description":"","publisher":{"@id":"https:\/\/www.mas.bayern\/#organization"},"potentialAction":[{"@type":"SearchAction","target":{"@type":"EntryPoint","urlTemplate":"https:\/\/www.mas.bayern\/?s={search_term_string}"},"query-input":"required name=search_term_string"}],"inLanguage":"de"},{"@type":"Organization","@id":"https:\/\/www.mas.bayern\/#organization","name":"Mobiler Autoglas Service","url":"https:\/\/www.mas.bayern\/","logo":{"@type":"ImageObject","inLanguage":"de","@id":"https:\/\/www.mas.bayern\/#\/schema\/logo\/image\/","url":"https:\/\/www.mas.bayern\/wp-content\/uploads\/2023\/04\/cropped-mas_Logo_gesamt.png","contentUrl":"https:\/\/www.mas.bayern\/wp-content\/uploads\/2023\/04\/cropped-mas_Logo_gesamt.png","width":156,"height":135,"caption":"Mobiler Autoglas Service"},"image":{"@id":"https:\/\/www.mas.bayern\/#\/schema\/logo\/image\/"}}]}},"_links":{"self":[{"href":"https:\/\/www.mas.bayern\/index.php?rest_route=\/wp\/v2\/pages\/77"}],"collection":[{"href":"https:\/\/www.mas.bayern\/index.php?rest_route=\/wp\/v2\/pages"}],"about":[{"href":"https:\/\/www.mas.bayern\/index.php?rest_route=\/wp\/v2\/types\/page"}],"author":[{"embeddable":true,"href":"https:\/\/www.mas.bayern\/index.php?rest_route=\/wp\/v2\/users\/1"}],"replies":[{"embeddable":true,"href":"https:\/\/www.mas.bayern\/index.php?rest_route=%2Fwp%2Fv2%2Fcomments&post=77"}],"version-history":[{"count":23,"href":"https:\/\/www.mas.bayern\/index.php?rest_route=\/wp\/v2\/pages\/77\/revisions"}],"predecessor-version":[{"id":731,"href":"https:\/\/www.mas.bayern\/index.php?rest_route=\/wp\/v2\/pages\/77\/revisions\/731"}],"wp:attachment":[{"href":"https:\/\/www.mas.bayern\/index.php?rest_route=%2Fwp%2Fv2%2Fmedia&parent=77"}],"curies":[{"name":"wp","href":"https:\/\/api.w.org\/{rel}","templated":true}]}}